{"id":158,"date":"2024-05-08T11:18:29","date_gmt":"2024-05-08T09:18:29","guid":{"rendered":"https:\/\/www.codexmd.fr\/?page_id=158"},"modified":"2024-05-08T11:44:07","modified_gmt":"2024-05-08T09:44:07","slug":"mentions-legales","status":"publish","type":"page","link":"https:\/\/www.codexmd.fr\/index.php\/mentions-legales\/","title":{"rendered":"Mentions l\u00e9gales"},"content":{"rendered":"\n<div class=\"wp-block-group is-content-justification-center is-nowrap is-layout-flex wp-container-core-group-is-layout-23441af8 wp-block-group-is-layout-flex\">\n<h2 class=\"wp-block-heading\">Mentions l\u00e9gales<\/h2>\n<\/div>\n\n\n\n<div style=\"height:47px\" aria-hidden=\"true\" class=\"wp-block-spacer\"><\/div>\n\n\n\n<p class=\"has-text-color has-link-color wp-elements-6c9065f8a47d29e220f26ff82bb6cda5\" style=\"color:#a6422f\">Identification :<\/p>\n\n\n\n<div class=\"wp-block-columns is-layout-flex wp-container-core-columns-is-layout-28f84493 wp-block-columns-is-layout-flex\">\n<div class=\"wp-block-column is-layout-flow wp-block-column-is-layout-flow\" style=\"flex-basis:50%\">\n<p style=\"padding-top:0;padding-right:var(--wp--preset--spacing--40);padding-bottom:0;padding-left:var(--wp--preset--spacing--40)\">Enseigne :<br>Statut juridique :<br>Nom du responsable l\u00e9gal :<\/p>\n<\/div>\n\n\n\n<div class=\"wp-block-column is-layout-flow wp-block-column-is-layout-flow\" style=\"flex-basis:50%\">\n<p style=\"margin-top:0;margin-right:0;margin-bottom:0;margin-left:0\">CodeX<br>Entreprise individuelle soumise \u00e0 TVA<br>Mathieu Duboc<\/p>\n<\/div>\n<\/div>\n\n\n\n<p class=\"has-text-color has-link-color wp-elements-8df9d5054c0c49b85677f318fd9c288a\" style=\"color:#a6422f\">Si\u00e8ge social :<\/p>\n\n\n\n<div class=\"wp-block-columns is-layout-flex wp-container-core-columns-is-layout-28f84493 wp-block-columns-is-layout-flex\">\n<div class=\"wp-block-column is-layout-flow wp-block-column-is-layout-flow\" style=\"flex-basis:50%\">\n<p style=\"margin-right:var(--wp--preset--spacing--40);margin-left:var(--wp--preset--spacing--40)\">Adresse :<br><br>T\u00e9l\u00e9phone :<br>Courriel :<br>Site Web :<br>SIRET :<br>Code APE :<br>N\u00b0 de TVA<\/p>\n<\/div>\n\n\n\n<div class=\"wp-block-column is-layout-flow wp-block-column-is-layout-flow\" style=\"flex-basis:50%\">\n<p>15 rue des Eglantiers 49610 Moz\u00e9-sur-Louet<br>06 80 07 69 93<br>mat.duboc@gmail.com<br><a href=\"https:\/\/www.codexmd.fr\/\">https:\/\/www.codexmd.fr\/<\/a><br>537 711 905 00035<br>7220Z<br>FR 22 537 711 905<\/p>\n<\/div>\n<\/div>\n\n\n\n<div style=\"height:51px\" aria-hidden=\"true\" class=\"wp-block-spacer\"><\/div>\n\n\n\n<p class=\"has-text-color has-link-color wp-elements-e544365cc42d0cc7add23574f611082e\" style=\"color:#a6422f\">H\u00e9bergeur :&nbsp;<\/p>\n\n\n\n<p>OVH SAS &#8211; 2 rue Kellermann &#8211; 59100 Roubaix &#8211; France<\/p>\n","protected":false},"excerpt":{"rendered":"<p>Mentions l\u00e9gales Identification : Enseigne :Statut juridique :Nom du responsable l\u00e9gal : CodeXEntreprise individuelle soumise \u00e0 TVAMathieu Duboc Si\u00e8ge social : Adresse : T\u00e9l\u00e9phone :Courriel :Site Web :SIRET :Code APE :N\u00b0 de TVA 15 rue des Eglantiers 49610 Moz\u00e9-sur-Louet06 80 07 69 93mat.duboc@gmail.comhttps:\/\/www.codexmd.fr\/537 711 905 000357220ZFR 22 537 711 905 H\u00e9bergeur :&nbsp; OVH SAS &#8211; [&hellip;]<\/p>\n","protected":false},"author":1,"featured_media":0,"parent":0,"menu_order":0,"comment_status":"closed","ping_status":"closed","template":"","meta":{"footnotes":""},"class_list":["post-158","page","type-page","status-publish","hentry"],"_links":{"self":[{"href":"https:\/\/www.codexmd.fr\/index.php\/wp-json\/wp\/v2\/pages\/158","targetHints":{"allow":["GET"]}}],"collection":[{"href":"https:\/\/www.codexmd.fr\/index.php\/wp-json\/wp\/v2\/pages"}],"about":[{"href":"https:\/\/www.codexmd.fr\/index.php\/wp-json\/wp\/v2\/types\/page"}],"author":[{"embeddable":true,"href":"https:\/\/www.codexmd.fr\/index.php\/wp-json\/wp\/v2\/users\/1"}],"replies":[{"embeddable":true,"href":"https:\/\/www.codexmd.fr\/index.php\/wp-json\/wp\/v2\/comments?post=158"}],"version-history":[{"count":3,"href":"https:\/\/www.codexmd.fr\/index.php\/wp-json\/wp\/v2\/pages\/158\/revisions"}],"predecessor-version":[{"id":172,"href":"https:\/\/www.codexmd.fr\/index.php\/wp-json\/wp\/v2\/pages\/158\/revisions\/172"}],"wp:attachment":[{"href":"https:\/\/www.codexmd.fr\/index.php\/wp-json\/wp\/v2\/media?parent=158"}],"curies":[{"name":"wp","href":"https:\/\/api.w.org\/{rel}","templated":true}]}}