{"id":199,"date":"2024-05-09T12:53:21","date_gmt":"2024-05-09T10:53:21","guid":{"rendered":"https:\/\/www.codexmd.fr\/?page_id=199"},"modified":"2024-05-12T12:54:53","modified_gmt":"2024-05-12T10:54:53","slug":"bibliographe","status":"publish","type":"page","link":"https:\/\/www.codexmd.fr\/index.php\/bibliographe\/","title":{"rendered":"Bibliographe"},"content":{"rendered":"\n<h1 class=\"wp-block-heading has-text-align-center\">Bibliographe<\/h1>\n\n\n\n<div style=\"height:43px\" aria-hidden=\"true\" class=\"wp-block-spacer\"><\/div>\n\n\n\n<p>L&rsquo;entreprise CodeX souhaite d\u00e9velopper ses activit\u00e9s de bibliographe pour les libraires, experts, maisons de vente et collectionneurs.<\/p>\n\n\n\n<figure class=\"wp-block-image aligncenter size-large\"><img loading=\"lazy\" decoding=\"async\" width=\"1024\" height=\"561\" src=\"https:\/\/www.codexmd.fr\/wp-content\/uploads\/2024\/05\/DSC05421-1024x561.jpg\" alt=\"\" class=\"wp-image-221\" srcset=\"https:\/\/www.codexmd.fr\/wp-content\/uploads\/2024\/05\/DSC05421-1024x561.jpg 1024w, https:\/\/www.codexmd.fr\/wp-content\/uploads\/2024\/05\/DSC05421-300x164.jpg 300w, https:\/\/www.codexmd.fr\/wp-content\/uploads\/2024\/05\/DSC05421-768x421.jpg 768w, https:\/\/www.codexmd.fr\/wp-content\/uploads\/2024\/05\/DSC05421-1536x842.jpg 1536w, https:\/\/www.codexmd.fr\/wp-content\/uploads\/2024\/05\/DSC05421-2048x1123.jpg 2048w\" sizes=\"auto, (max-width: 1024px) 100vw, 1024px\" \/><figcaption class=\"wp-element-caption\">Reliure en galuchat (cuir de poisson)<\/figcaption><\/figure>\n\n\n\n<ul class=\"wp-block-list\">\n<li>R\u00e9daction de notices avec description des exemplaires pour les catalogues de vente<\/li>\n\n\n\n<li>Recherches sur des exemplaires \u00e0 probl\u00e8me<\/li>\n<\/ul>\n\n\n\n<div class=\"wp-block-group is-content-justification-space-between is-nowrap is-layout-flex wp-container-core-group-is-layout-cb46ffcb wp-block-group-is-layout-flex\">\n<figure class=\"wp-block-image size-medium is-resized\"><img loading=\"lazy\" decoding=\"async\" width=\"221\" height=\"300\" src=\"https:\/\/www.codexmd.fr\/wp-content\/uploads\/2024\/05\/DSC05514-221x300.jpg\" alt=\"\" class=\"wp-image-222\" style=\"width:410px;height:auto\" srcset=\"https:\/\/www.codexmd.fr\/wp-content\/uploads\/2024\/05\/DSC05514-221x300.jpg 221w, https:\/\/www.codexmd.fr\/wp-content\/uploads\/2024\/05\/DSC05514-753x1024.jpg 753w, https:\/\/www.codexmd.fr\/wp-content\/uploads\/2024\/05\/DSC05514-768x1045.jpg 768w, https:\/\/www.codexmd.fr\/wp-content\/uploads\/2024\/05\/DSC05514-1129x1536.jpg 1129w, https:\/\/www.codexmd.fr\/wp-content\/uploads\/2024\/05\/DSC05514-1506x2048.jpg 1506w, https:\/\/www.codexmd.fr\/wp-content\/uploads\/2024\/05\/DSC05514-scaled.jpg 1882w\" sizes=\"auto, (max-width: 221px) 100vw, 221px\" \/><\/figure>\n\n\n\n<figure class=\"wp-block-image size-large is-resized\"><img loading=\"lazy\" decoding=\"async\" width=\"564\" height=\"1024\" src=\"https:\/\/www.codexmd.fr\/wp-content\/uploads\/2024\/05\/DSC05432-564x1024.jpg\" alt=\"\" class=\"wp-image-223\" style=\"width:309px;height:auto\" srcset=\"https:\/\/www.codexmd.fr\/wp-content\/uploads\/2024\/05\/DSC05432-564x1024.jpg 564w, https:\/\/www.codexmd.fr\/wp-content\/uploads\/2024\/05\/DSC05432-165x300.jpg 165w, https:\/\/www.codexmd.fr\/wp-content\/uploads\/2024\/05\/DSC05432-768x1394.jpg 768w, https:\/\/www.codexmd.fr\/wp-content\/uploads\/2024\/05\/DSC05432-846x1536.jpg 846w, https:\/\/www.codexmd.fr\/wp-content\/uploads\/2024\/05\/DSC05432-1128x2048.jpg 1128w, https:\/\/www.codexmd.fr\/wp-content\/uploads\/2024\/05\/DSC05432-scaled.jpg 1410w\" sizes=\"auto, (max-width: 564px) 100vw, 564px\" \/><\/figure>\n<\/div>\n\n\n\n<p class=\"has-contrast-2-color has-text-color has-link-color has-small-font-size wp-elements-00c1f18c1a22cbfa3fac3415ec1e4dfe\" style=\"margin-top:0;margin-bottom:0\">Paroissien romain de la toute fin du XIX<sup>e<\/sup> si\u00e8cle avec planches et encadrements grav\u00e9s sur cuivre pastichant les gravures sur fond cribl\u00e9 imprim\u00e9es par Philippe Pigouchet pour les livres d&rsquo;Heures \u00e9dit\u00e9s par Simon Vostre \u00e0 la fin du XV<sup>e<\/sup> &#8211; d\u00e9but du XVI<sup>e<\/sup> si\u00e8cle. La reliure est elle-m\u00eame un pastiche des reliures XVII<sup>e<\/sup> reprenant les fers fanfare dans le style pointill\u00e9 Le Gascon.<\/p>\n\n\n\n<ul class=\"wp-block-list\">\n<li>Conseils et accompagnement aux particuliers collectionneurs<\/li>\n\n\n\n<li>Classement et catalogage de leur biblioth\u00e8que<\/li>\n\n\n\n<li>Veille sur les documents qui passent en vente<\/li>\n\n\n\n<li>Autres<\/li>\n<\/ul>\n\n\n\n<figure class=\"wp-block-image aligncenter size-large\"><img loading=\"lazy\" decoding=\"async\" width=\"568\" height=\"1024\" src=\"https:\/\/www.codexmd.fr\/wp-content\/uploads\/2024\/05\/DSC05443-1-568x1024.jpg\" alt=\"\" class=\"wp-image-225\" srcset=\"https:\/\/www.codexmd.fr\/wp-content\/uploads\/2024\/05\/DSC05443-1-568x1024.jpg 568w, https:\/\/www.codexmd.fr\/wp-content\/uploads\/2024\/05\/DSC05443-1-166x300.jpg 166w, https:\/\/www.codexmd.fr\/wp-content\/uploads\/2024\/05\/DSC05443-1-768x1386.jpg 768w, https:\/\/www.codexmd.fr\/wp-content\/uploads\/2024\/05\/DSC05443-1-851x1536.jpg 851w, https:\/\/www.codexmd.fr\/wp-content\/uploads\/2024\/05\/DSC05443-1-1135x2048.jpg 1135w, https:\/\/www.codexmd.fr\/wp-content\/uploads\/2024\/05\/DSC05443-1-scaled.jpg 1419w\" sizes=\"auto, (max-width: 568px) 100vw, 568px\" \/><figcaption class=\"wp-element-caption\">Reliure en nacre<\/figcaption><\/figure>\n\n\n\n<p>Pour toute demande ou renseignement compl\u00e9mentaire : 06 80 07 69 93 \/ mat.duboc@gmail.com<\/p>\n","protected":false},"excerpt":{"rendered":"<p>Bibliographe L&rsquo;entreprise CodeX souhaite d\u00e9velopper ses activit\u00e9s de bibliographe pour les libraires, experts, maisons de vente et collectionneurs. Paroissien romain de la toute fin du XIXe si\u00e8cle avec planches et encadrements grav\u00e9s sur cuivre pastichant les gravures sur fond cribl\u00e9 imprim\u00e9es par Philippe Pigouchet pour les livres d&rsquo;Heures \u00e9dit\u00e9s par Simon Vostre \u00e0 la fin [&hellip;]<\/p>\n","protected":false},"author":1,"featured_media":0,"parent":0,"menu_order":0,"comment_status":"closed","ping_status":"closed","template":"","meta":{"footnotes":""},"class_list":["post-199","page","type-page","status-publish","hentry"],"_links":{"self":[{"href":"https:\/\/www.codexmd.fr\/index.php\/wp-json\/wp\/v2\/pages\/199","targetHints":{"allow":["GET"]}}],"collection":[{"href":"https:\/\/www.codexmd.fr\/index.php\/wp-json\/wp\/v2\/pages"}],"about":[{"href":"https:\/\/www.codexmd.fr\/index.php\/wp-json\/wp\/v2\/types\/page"}],"author":[{"embeddable":true,"href":"https:\/\/www.codexmd.fr\/index.php\/wp-json\/wp\/v2\/users\/1"}],"replies":[{"embeddable":true,"href":"https:\/\/www.codexmd.fr\/index.php\/wp-json\/wp\/v2\/comments?post=199"}],"version-history":[{"count":6,"href":"https:\/\/www.codexmd.fr\/index.php\/wp-json\/wp\/v2\/pages\/199\/revisions"}],"predecessor-version":[{"id":256,"href":"https:\/\/www.codexmd.fr\/index.php\/wp-json\/wp\/v2\/pages\/199\/revisions\/256"}],"wp:attachment":[{"href":"https:\/\/www.codexmd.fr\/index.php\/wp-json\/wp\/v2\/media?parent=199"}],"curies":[{"name":"wp","href":"https:\/\/api.w.org\/{rel}","templated":true}]}}