{"id":201,"date":"2024-05-08T19:00:18","date_gmt":"2024-05-08T17:00:18","guid":{"rendered":"https:\/\/www.codexmd.fr\/?page_id=201"},"modified":"2024-05-27T15:55:52","modified_gmt":"2024-05-27T13:55:52","slug":"humanites","status":"publish","type":"page","link":"https:\/\/www.codexmd.fr\/index.php\/humanites\/","title":{"rendered":"Humanit\u00e9s"},"content":{"rendered":"\n<h1 class=\"wp-block-heading has-text-align-center\">Soutien aux chercheurs en sciences humaines et sociales<\/h1>\n\n\n\n<div style=\"height:50px\" aria-hidden=\"true\" class=\"wp-block-spacer\"><\/div>\n\n\n\n<p class=\"has-medium-font-size\">L&rsquo;entreprise CodeX met ses comp\u00e9tences en bibliographie mat\u00e9rielle, pal\u00e9ographie et codicologie au service des chercheurs et projets de recherches en sciences humaines et sociales :<\/p>\n\n\n\n<ul class=\"wp-block-list\">\n<li>d\u00e9pouillement de documents dans les institutions de conservation et leur reproduction photographique si n\u00e9cessaire<\/li>\n<\/ul>\n\n\n\n<figure class=\"wp-block-image size-full\"><img loading=\"lazy\" decoding=\"async\" width=\"820\" height=\"312\" src=\"https:\/\/www.codexmd.fr\/wp-content\/uploads\/2024\/05\/Depouillement.png\" alt=\"\" class=\"wp-image-228\" srcset=\"https:\/\/www.codexmd.fr\/wp-content\/uploads\/2024\/05\/Depouillement.png 820w, https:\/\/www.codexmd.fr\/wp-content\/uploads\/2024\/05\/Depouillement-300x114.png 300w, https:\/\/www.codexmd.fr\/wp-content\/uploads\/2024\/05\/Depouillement-768x292.png 768w\" sizes=\"auto, (max-width: 820px) 100vw, 820px\" \/><figcaption class=\"wp-element-caption\">Installation \u00e0 la biblioth\u00e8que de l&rsquo;Institut de France.<\/figcaption><\/figure>\n\n\n\n<div style=\"height:10px\" aria-hidden=\"true\" class=\"wp-block-spacer\"><\/div>\n\n\n\n<ul class=\"wp-block-list\">\n<li>transcriptions de manuscrits toute \u00e9poque<\/li>\n<\/ul>\n\n\n\n<figure class=\"wp-block-image size-full\"><img loading=\"lazy\" decoding=\"async\" width=\"700\" height=\"361\" src=\"https:\/\/www.codexmd.fr\/wp-content\/uploads\/2024\/05\/XCollPriv_EdF_2_0268.jpg\" alt=\"\" class=\"wp-image-231\" srcset=\"https:\/\/www.codexmd.fr\/wp-content\/uploads\/2024\/05\/XCollPriv_EdF_2_0268.jpg 700w, https:\/\/www.codexmd.fr\/wp-content\/uploads\/2024\/05\/XCollPriv_EdF_2_0268-300x155.jpg 300w\" sizes=\"auto, (max-width: 700px) 100vw, 700px\" \/><figcaption class=\"wp-element-caption\">Registre de compte du XVI<sup>e<\/sup> si\u00e8cle de Jean de Frott\u00e9, tr\u00e9sorier de Marguerite d&rsquo;Angoul\u00eame, transcrit par CodeX en 2023 pour le projet \u00ab\u00a0Cit\u00e9 des Dames\u00a0\u00bb.<\/figcaption><\/figure>\n\n\n\n<div style=\"height:10px\" aria-hidden=\"true\" class=\"wp-block-spacer\"><\/div>\n\n\n\n<ul class=\"wp-block-list\">\n<li>relev\u00e9 et saisie de donn\u00e9es dans des bases d\u00e9di\u00e9es de documents analys\u00e9s<\/li>\n<\/ul>\n\n\n\n<figure class=\"wp-block-image size-large is-resized\"><img loading=\"lazy\" decoding=\"async\" width=\"1024\" height=\"433\" src=\"https:\/\/www.codexmd.fr\/wp-content\/uploads\/2024\/05\/Digues-1024x433.jpg\" alt=\"\" class=\"wp-image-233\" style=\"width:720px;height:auto\" srcset=\"https:\/\/www.codexmd.fr\/wp-content\/uploads\/2024\/05\/Digues-1024x433.jpg 1024w, https:\/\/www.codexmd.fr\/wp-content\/uploads\/2024\/05\/Digues-300x127.jpg 300w, https:\/\/www.codexmd.fr\/wp-content\/uploads\/2024\/05\/Digues-768x324.jpg 768w, https:\/\/www.codexmd.fr\/wp-content\/uploads\/2024\/05\/Digues-1536x649.jpg 1536w, https:\/\/www.codexmd.fr\/wp-content\/uploads\/2024\/05\/Digues-2048x865.jpg 2048w\" sizes=\"auto, (max-width: 1024px) 100vw, 1024px\" \/><figcaption class=\"wp-element-caption\">Registre de compte du XVIII<sup>e<\/sup> si\u00e8cle concernant l&rsquo;entretien des canaux et digues du marais poitevin transcrit et dont les donn\u00e9es ont \u00e9t\u00e9 saisies dans une base sp\u00e9cifique par CodeX en 2020 pour le projet \u00ab\u00a0Digues\u00a0\u00bb.<\/figcaption><\/figure>\n\n\n\n<div style=\"height:10px\" aria-hidden=\"true\" class=\"wp-block-spacer\"><\/div>\n\n\n\n<ul class=\"wp-block-list\">\n<li>transcription de documents imprim\u00e9s pr\u00e9sentant des probl\u00e8mes, impossibles \u00e0 traiter par OCR (Reconnaissance optique de caract\u00e8res)<\/li>\n<\/ul>\n\n\n\n<figure class=\"wp-block-image size-full\"><img loading=\"lazy\" decoding=\"async\" width=\"730\" height=\"510\" src=\"https:\/\/www.codexmd.fr\/wp-content\/uploads\/2024\/05\/Marban.jpg\" alt=\"\" class=\"wp-image-232\" srcset=\"https:\/\/www.codexmd.fr\/wp-content\/uploads\/2024\/05\/Marban.jpg 730w, https:\/\/www.codexmd.fr\/wp-content\/uploads\/2024\/05\/Marban-300x210.jpg 300w\" sizes=\"auto, (max-width: 730px) 100vw, 730px\" \/><figcaption class=\"wp-element-caption\"><em>Arte de la lengua moxa, con su vocabulario, y cathecismo. Compuesto por el M.R.P. Pedro Marban<\/em>, [Lima], En la Imprenta Real de Joseph de Contreras, 1702. Transcrit en 2021 par CodeX pour le compte d&rsquo;une chercheuse en langues r\u00e9gionales d&rsquo;Am\u00e9rique du Sud.<\/figcaption><\/figure>\n\n\n\n<div style=\"height:10px\" aria-hidden=\"true\" class=\"wp-block-spacer\"><\/div>\n\n\n\n<ul class=\"wp-block-list\">\n<li>descriptions codicologiques fines de manuscrits incluant l&rsquo;ensemble des donn\u00e9es mat\u00e9rielles allant de la reliure au papier. L&rsquo;entreprise CodeX a notamment une grande exp\u00e9rience du papier verg\u00e9 dont elle d\u00e9crit plusieurs milliers d&rsquo;exemplaires pour le projet de recherches d&rsquo;inventaires de la correspondance et des manuscrits de Condorcet (Condor). A ce titre la description du papier ne s&rsquo;est pas limit\u00e9e au filigrane mais a englob\u00e9 l&rsquo;ensemble des donn\u00e9es de chaque feuille : couleur, description de l&rsquo;\u00e9pair, dimensions de la feuille, \u00e9paisseur, \u00e9cart entre les lignes de cha\u00eenettes (traces verticales laiss\u00e9es par les fils de cuivre port\u00e9s par les pontuseaux), nombre de vergeures par centim\u00e8tres etc.<\/li>\n<\/ul>\n\n\n\n<figure class=\"wp-block-image size-large\"><img loading=\"lazy\" decoding=\"async\" width=\"811\" height=\"1024\" src=\"http:\/\/www.codexmd.fr\/wp-content\/uploads\/2024\/05\/BOP-Z43-f.91-1-811x1024.jpg\" alt=\"\" class=\"wp-image-62\" srcset=\"https:\/\/www.codexmd.fr\/wp-content\/uploads\/2024\/05\/BOP-Z43-f.91-1-811x1024.jpg 811w, https:\/\/www.codexmd.fr\/wp-content\/uploads\/2024\/05\/BOP-Z43-f.91-1-238x300.jpg 238w, https:\/\/www.codexmd.fr\/wp-content\/uploads\/2024\/05\/BOP-Z43-f.91-1-768x970.jpg 768w, https:\/\/www.codexmd.fr\/wp-content\/uploads\/2024\/05\/BOP-Z43-f.91-1-1216x1536.jpg 1216w, https:\/\/www.codexmd.fr\/wp-content\/uploads\/2024\/05\/BOP-Z43-f.91-1-1622x2048.jpg 1622w, https:\/\/www.codexmd.fr\/wp-content\/uploads\/2024\/05\/BOP-Z43-f.91-1-1200x1515.jpg 1200w, https:\/\/www.codexmd.fr\/wp-content\/uploads\/2024\/05\/BOP-Z43-f.91-1-1980x2501.jpg 1980w, https:\/\/www.codexmd.fr\/wp-content\/uploads\/2024\/05\/BOP-Z43-f.91-1-scaled.jpg 2027w\" sizes=\"auto, (max-width: 811px) 100vw, 811px\" \/><figcaption class=\"wp-element-caption\">Filigrane d&rsquo;un papier ayant servi de support \u00e0 un manuscrit de calculs de Condorcet : \u00ab\u00a0Armes de France dans un collier couronn\u00e9 \u00e0 croix de Malte en pendentif \/ FIN 1768\u00a0\u00bb. D\u00e9crit et mesur\u00e9 par Codex pour le projet \u00ab\u00a0Condor\u00a0\u00bb pour lequel l&rsquo;entreprise travaille toujours.<\/figcaption><\/figure>\n\n\n\n<p>Pour toute demande ou renseignement compl\u00e9mentaire : 06 80 07 69 93 \/ mat.duboc@gmail.com<\/p>\n","protected":false},"excerpt":{"rendered":"<p>Soutien aux chercheurs en sciences humaines et sociales L&rsquo;entreprise CodeX met ses comp\u00e9tences en bibliographie mat\u00e9rielle, pal\u00e9ographie et codicologie au service des chercheurs et projets de recherches en sciences humaines et sociales : Pour toute demande ou renseignement compl\u00e9mentaire : 06 80 07 69 93 \/ mat.duboc@gmail.com<\/p>\n","protected":false},"author":1,"featured_media":0,"parent":0,"menu_order":0,"comment_status":"closed","ping_status":"closed","template":"","meta":{"footnotes":""},"class_list":["post-201","page","type-page","status-publish","hentry"],"_links":{"self":[{"href":"https:\/\/www.codexmd.fr\/index.php\/wp-json\/wp\/v2\/pages\/201","targetHints":{"allow":["GET"]}}],"collection":[{"href":"https:\/\/www.codexmd.fr\/index.php\/wp-json\/wp\/v2\/pages"}],"about":[{"href":"https:\/\/www.codexmd.fr\/index.php\/wp-json\/wp\/v2\/types\/page"}],"author":[{"embeddable":true,"href":"https:\/\/www.codexmd.fr\/index.php\/wp-json\/wp\/v2\/users\/1"}],"replies":[{"embeddable":true,"href":"https:\/\/www.codexmd.fr\/index.php\/wp-json\/wp\/v2\/comments?post=201"}],"version-history":[{"count":8,"href":"https:\/\/www.codexmd.fr\/index.php\/wp-json\/wp\/v2\/pages\/201\/revisions"}],"predecessor-version":[{"id":262,"href":"https:\/\/www.codexmd.fr\/index.php\/wp-json\/wp\/v2\/pages\/201\/revisions\/262"}],"wp:attachment":[{"href":"https:\/\/www.codexmd.fr\/index.php\/wp-json\/wp\/v2\/media?parent=201"}],"curies":[{"name":"wp","href":"https:\/\/api.w.org\/{rel}","templated":true}]}}