{"id":204,"date":"2024-05-08T19:01:58","date_gmt":"2024-05-08T17:01:58","guid":{"rendered":"https:\/\/www.codexmd.fr\/?page_id=204"},"modified":"2024-05-27T18:20:02","modified_gmt":"2024-05-27T16:20:02","slug":"encodage","status":"publish","type":"page","link":"https:\/\/www.codexmd.fr\/index.php\/encodage\/","title":{"rendered":"Encodage"},"content":{"rendered":"\n<h1 class=\"wp-block-heading has-text-align-center\">Expertise XML-TEI<\/h1>\n\n\n\n<div style=\"height:45px\" aria-hidden=\"true\" class=\"wp-block-spacer\"><\/div>\n\n\n\n<p class=\"has-medium-font-size\">L&rsquo;entreprise CodeX, sp\u00e9cialis\u00e9e en structuration de textes en XML-TEI, propose son expertise aux projets de recherche en humanit\u00e9s num\u00e9riques :<\/p>\n\n\n\n<ul class=\"wp-block-list\">\n<li>encodage structurel et s\u00e9mantique de tout type de texte et cr\u00e9ation d&rsquo;index d&rsquo;entit\u00e9s nomm\u00e9es (personnes, organisations, lieux, objets, r\u00e9f\u00e9rences bibliographiques)<\/li>\n<\/ul>\n\n\n\n<figure class=\"wp-block-image size-full\"><img loading=\"lazy\" decoding=\"async\" width=\"979\" height=\"496\" src=\"https:\/\/www.codexmd.fr\/wp-content\/uploads\/2024\/05\/image-3.png\" alt=\"\" class=\"wp-image-274\" srcset=\"https:\/\/www.codexmd.fr\/wp-content\/uploads\/2024\/05\/image-3.png 979w, https:\/\/www.codexmd.fr\/wp-content\/uploads\/2024\/05\/image-3-300x152.png 300w, https:\/\/www.codexmd.fr\/wp-content\/uploads\/2024\/05\/image-3-768x389.png 768w\" sizes=\"auto, (max-width: 979px) 100vw, 979px\" \/><\/figure>\n\n\n\n<div style=\"height:30px\" aria-hidden=\"true\" class=\"wp-block-spacer\"><\/div>\n\n\n\n<ul class=\"wp-block-list\">\n<li>cr\u00e9ation de sch\u00e9mas XML dans diff\u00e9rents formats : ODD, relax NG, XML schema, DTD<\/li>\n<\/ul>\n\n\n\n<figure class=\"wp-block-image aligncenter size-full\"><img loading=\"lazy\" decoding=\"async\" width=\"351\" height=\"652\" src=\"https:\/\/www.codexmd.fr\/wp-content\/uploads\/2024\/05\/image-4.png\" alt=\"\" class=\"wp-image-275\" srcset=\"https:\/\/www.codexmd.fr\/wp-content\/uploads\/2024\/05\/image-4.png 351w, https:\/\/www.codexmd.fr\/wp-content\/uploads\/2024\/05\/image-4-162x300.png 162w\" sizes=\"auto, (max-width: 351px) 100vw, 351px\" \/><\/figure>\n\n\n\n<div style=\"height:30px\" aria-hidden=\"true\" class=\"wp-block-spacer\"><\/div>\n\n\n\n<ul class=\"wp-block-list\">\n<li>cr\u00e9ation de feuilles XSTL pour transformation ou publication web<\/li>\n\n\n\n<li>cr\u00e9ation de requ\u00eates XQuery pour r\u00e9pondre aux attentes et questions des chercheurs ou publication web<\/li>\n<\/ul>\n\n\n\n<figure class=\"wp-block-image size-large\"><img loading=\"lazy\" decoding=\"async\" width=\"1024\" height=\"513\" src=\"https:\/\/www.codexmd.fr\/wp-content\/uploads\/2024\/05\/image-5-1024x513.png\" alt=\"\" class=\"wp-image-276\" srcset=\"https:\/\/www.codexmd.fr\/wp-content\/uploads\/2024\/05\/image-5-1024x513.png 1024w, https:\/\/www.codexmd.fr\/wp-content\/uploads\/2024\/05\/image-5-300x150.png 300w, https:\/\/www.codexmd.fr\/wp-content\/uploads\/2024\/05\/image-5-768x385.png 768w, https:\/\/www.codexmd.fr\/wp-content\/uploads\/2024\/05\/image-5.png 1302w\" sizes=\"auto, (max-width: 1024px) 100vw, 1024px\" \/><\/figure>\n\n\n\n<div style=\"height:30px\" aria-hidden=\"true\" class=\"wp-block-spacer\"><\/div>\n\n\n\n<ul class=\"wp-block-list\">\n<li>suivi de projets en humanit\u00e9 num\u00e9rique sur du temps long avec interventions ponctuelles pour garantir la coh\u00e9rence de l&rsquo;encodage, nettoyer et harmoniser des corpus ou modifier des feuilles de styles XSLT et CSS ou requ\u00eates XPath et XQuery<\/li>\n<\/ul>\n\n\n\n<p>Pour toute demande ou renseignement compl\u00e9mentaire : 06 80 07 69 93 \/ mat.duboc@gmail.com<\/p>\n","protected":false},"excerpt":{"rendered":"<p>Expertise XML-TEI L&rsquo;entreprise CodeX, sp\u00e9cialis\u00e9e en structuration de textes en XML-TEI, propose son expertise aux projets de recherche en humanit\u00e9s num\u00e9riques : Pour toute demande ou renseignement compl\u00e9mentaire : 06 80 07 69 93 \/ mat.duboc@gmail.com<\/p>\n","protected":false},"author":1,"featured_media":0,"parent":0,"menu_order":0,"comment_status":"closed","ping_status":"closed","template":"","meta":{"footnotes":""},"class_list":["post-204","page","type-page","status-publish","hentry"],"_links":{"self":[{"href":"https:\/\/www.codexmd.fr\/index.php\/wp-json\/wp\/v2\/pages\/204","targetHints":{"allow":["GET"]}}],"collection":[{"href":"https:\/\/www.codexmd.fr\/index.php\/wp-json\/wp\/v2\/pages"}],"about":[{"href":"https:\/\/www.codexmd.fr\/index.php\/wp-json\/wp\/v2\/types\/page"}],"author":[{"embeddable":true,"href":"https:\/\/www.codexmd.fr\/index.php\/wp-json\/wp\/v2\/users\/1"}],"replies":[{"embeddable":true,"href":"https:\/\/www.codexmd.fr\/index.php\/wp-json\/wp\/v2\/comments?post=204"}],"version-history":[{"count":5,"href":"https:\/\/www.codexmd.fr\/index.php\/wp-json\/wp\/v2\/pages\/204\/revisions"}],"predecessor-version":[{"id":278,"href":"https:\/\/www.codexmd.fr\/index.php\/wp-json\/wp\/v2\/pages\/204\/revisions\/278"}],"wp:attachment":[{"href":"https:\/\/www.codexmd.fr\/index.php\/wp-json\/wp\/v2\/media?parent=204"}],"curies":[{"name":"wp","href":"https:\/\/api.w.org\/{rel}","templated":true}]}}