{"id":23,"date":"2024-05-04T11:30:06","date_gmt":"2024-05-04T09:30:06","guid":{"rendered":"https:\/\/www.codexmd.fr\/?page_id=23"},"modified":"2024-07-11T17:24:55","modified_gmt":"2024-07-11T15:24:55","slug":"le-nouveau-e-mucem-ouvre-ses-portes-2","status":"publish","type":"page","link":"https:\/\/www.codexmd.fr\/","title":{"rendered":"Accueil"},"content":{"rendered":"\n<div class=\"wp-block-group alignwide is-layout-flow wp-block-group-is-layout-flow\">\n<h2 class=\"wp-block-heading has-text-align-center\">CodeX, une entreprise individuelle sp\u00e9cialis\u00e9e dans le livre ancien<\/h2>\n<\/div>\n\n\n\n<div style=\"height:48px\" aria-hidden=\"true\" class=\"wp-block-spacer\"><\/div>\n\n\n\n<div class=\"wp-block-columns alignwide is-layout-flex wp-container-core-columns-is-layout-28f84493 wp-block-columns-is-layout-flex\">\n<div class=\"wp-block-column is-layout-flow wp-block-column-is-layout-flow\">\n<div class=\"wp-block-group is-layout-flow wp-block-group-is-layout-flow\">\n<h3 class=\"wp-block-heading\">Pr\u00e9paration des donn\u00e9es pour les chercheurs en sciences humaines et sociales<\/h3>\n\n\n\n<ul class=\"wp-block-list\">\n<li>D\u00e9pouillement de documents en archives, biblioth\u00e8ques etc.<\/li>\n\n\n\n<li>Transcription de textes<\/li>\n\n\n\n<li>Description codicologique<\/li>\n<\/ul>\n\n\n\n<figure class=\"wp-block-image alignfull size-full\"><img loading=\"lazy\" decoding=\"async\" width=\"700\" height=\"700\" src=\"https:\/\/www.codexmd.fr\/wp-content\/uploads\/2024\/05\/ChartrierCouterne-edited-1.jpg\" alt=\"\" class=\"wp-image-96\" srcset=\"https:\/\/www.codexmd.fr\/wp-content\/uploads\/2024\/05\/ChartrierCouterne-edited-1.jpg 700w, https:\/\/www.codexmd.fr\/wp-content\/uploads\/2024\/05\/ChartrierCouterne-edited-1-300x300.jpg 300w, https:\/\/www.codexmd.fr\/wp-content\/uploads\/2024\/05\/ChartrierCouterne-edited-1-150x150.jpg 150w\" sizes=\"auto, (max-width: 700px) 100vw, 700px\" \/><\/figure>\n\n\n\n<div class=\"wp-block-button is-style-outline is-style-outline--1\"><a class=\"wp-block-button__link wp-element-button\" href=\"https:\/\/www.codexmd.fr\/index.php\/humanites\/\">Lire la suite<\/a><\/div>\n<\/div>\n\n\n\n<div class=\"wp-block-group is-layout-flow wp-block-group-is-layout-flow\">\n<h3 class=\"wp-block-heading\">Encodage XML-TEI<\/h3>\n\n\n\n<ul class=\"wp-block-list\">\n<li>Encodage XML-TEI<\/li>\n\n\n\n<li>Publications num\u00e9riques de textes encod\u00e9s (XSLT, XQuery&#8230;)<\/li>\n<\/ul>\n\n\n\n<figure class=\"wp-block-image alignfull size-full\"><img loading=\"lazy\" decoding=\"async\" width=\"1083\" height=\"887\" src=\"https:\/\/www.codexmd.fr\/wp-content\/uploads\/2024\/05\/xml.jpg\" alt=\"\" class=\"wp-image-101\" srcset=\"https:\/\/www.codexmd.fr\/wp-content\/uploads\/2024\/05\/xml.jpg 1083w, https:\/\/www.codexmd.fr\/wp-content\/uploads\/2024\/05\/xml-300x246.jpg 300w, https:\/\/www.codexmd.fr\/wp-content\/uploads\/2024\/05\/xml-1024x839.jpg 1024w, https:\/\/www.codexmd.fr\/wp-content\/uploads\/2024\/05\/xml-768x629.jpg 768w\" sizes=\"auto, (max-width: 1083px) 100vw, 1083px\" \/><\/figure>\n\n\n\n<div class=\"wp-block-button is-style-outline is-style-outline--2\"><a class=\"wp-block-button__link wp-element-button\" href=\"https:\/\/www.codexmd.fr\/index.php\/encodage\/\">Lire la suite<\/a><\/div>\n<\/div>\n\n\n\n<div class=\"wp-block-group has-global-padding is-layout-constrained wp-block-group-is-layout-constrained\">\n<div class=\"wp-block-group is-layout-flow wp-block-group-is-layout-flow\">\n<h3 class=\"wp-block-heading\">Formation<\/h3>\n\n\n\n<ul class=\"wp-block-list\">\n<li>Formations XML-TEI<\/li>\n\n\n\n<li>Formations \u00e0 l&rsquo;histoire du livre<\/li>\n\n\n\n<li>Ateliers de pal\u00e9ographie ou de codicologie<\/li>\n\n\n\n<li>Vacations d&rsquo;enseignement \u00e0 l&rsquo;Universit\u00e9<\/li>\n<\/ul>\n\n\n\n<figure class=\"wp-block-image alignfull size-full\"><img loading=\"lazy\" decoding=\"async\" width=\"1751\" height=\"1313\" src=\"https:\/\/www.codexmd.fr\/wp-content\/uploads\/2024\/05\/IMG_2010.jpg\" alt=\"\" class=\"wp-image-279\" srcset=\"https:\/\/www.codexmd.fr\/wp-content\/uploads\/2024\/05\/IMG_2010.jpg 1751w, https:\/\/www.codexmd.fr\/wp-content\/uploads\/2024\/05\/IMG_2010-300x225.jpg 300w, https:\/\/www.codexmd.fr\/wp-content\/uploads\/2024\/05\/IMG_2010-1024x768.jpg 1024w, https:\/\/www.codexmd.fr\/wp-content\/uploads\/2024\/05\/IMG_2010-768x576.jpg 768w, https:\/\/www.codexmd.fr\/wp-content\/uploads\/2024\/05\/IMG_2010-1536x1152.jpg 1536w\" sizes=\"auto, (max-width: 1751px) 100vw, 1751px\" \/><\/figure>\n<\/div>\n<\/div>\n<\/div>\n\n\n\n<div class=\"wp-block-column is-layout-flow wp-block-column-is-layout-flow\">\n<div class=\"wp-block-group is-layout-flow wp-block-group-is-layout-flow\">\n<h3 class=\"wp-block-heading\">Catalogage de fonds anciens pour les biblioth\u00e8ques et archives<\/h3>\n\n\n\n<ul class=\"wp-block-list\">\n<li>Catalogage livre en main de fonds anciens (Unimarc)<\/li>\n\n\n\n<li>Conversion r\u00e9trospective de catalogues papier (Unimarc)<\/li>\n\n\n\n<li>Description de manuscrits et inventaires d&rsquo;archives (EAD)<\/li>\n<\/ul>\n\n\n\n<figure class=\"wp-block-image alignfull size-full\"><img loading=\"lazy\" decoding=\"async\" width=\"2560\" height=\"2560\" src=\"https:\/\/www.codexmd.fr\/wp-content\/uploads\/2024\/05\/Bibliotheque-edited-scaled.jpg\" alt=\"\" class=\"wp-image-99\" srcset=\"https:\/\/www.codexmd.fr\/wp-content\/uploads\/2024\/05\/Bibliotheque-edited-scaled.jpg 2560w, https:\/\/www.codexmd.fr\/wp-content\/uploads\/2024\/05\/Bibliotheque-edited-300x300.jpg 300w, https:\/\/www.codexmd.fr\/wp-content\/uploads\/2024\/05\/Bibliotheque-edited-1024x1024.jpg 1024w, https:\/\/www.codexmd.fr\/wp-content\/uploads\/2024\/05\/Bibliotheque-edited-150x150.jpg 150w, https:\/\/www.codexmd.fr\/wp-content\/uploads\/2024\/05\/Bibliotheque-edited-768x768.jpg 768w, https:\/\/www.codexmd.fr\/wp-content\/uploads\/2024\/05\/Bibliotheque-edited-1536x1536.jpg 1536w, https:\/\/www.codexmd.fr\/wp-content\/uploads\/2024\/05\/Bibliotheque-edited-2048x2048.jpg 2048w\" sizes=\"auto, (max-width: 2560px) 100vw, 2560px\" \/><\/figure>\n\n\n\n<div class=\"wp-block-button is-style-outline is-style-outline--3\"><a class=\"wp-block-button__link wp-element-button\" href=\"https:\/\/www.codexmd.fr\/index.php\/catalogage\/\">Lire la suite<\/a><\/div>\n<\/div>\n\n\n\n<div class=\"wp-block-group is-layout-flow wp-block-group-is-layout-flow\">\n<h3 class=\"wp-block-heading\">Bibliographe<\/h3>\n\n\n\n<ul class=\"wp-block-list\">\n<li>R\u00e9daction de notices pour catalogues de vente<\/li>\n\n\n\n<li>Expertise et conseil \u00e0 destination des collectionneurs<\/li>\n\n\n\n<li>Gestion de biblioth\u00e8ques pour les collectionneurs<\/li>\n<\/ul>\n\n\n\n<figure class=\"wp-block-image alignfull size-full\"><img loading=\"lazy\" decoding=\"async\" width=\"2560\" height=\"1746\" src=\"https:\/\/www.codexmd.fr\/wp-content\/uploads\/2024\/05\/tranche-scaled.jpg\" alt=\"\" class=\"wp-image-100\" srcset=\"https:\/\/www.codexmd.fr\/wp-content\/uploads\/2024\/05\/tranche-scaled.jpg 2560w, https:\/\/www.codexmd.fr\/wp-content\/uploads\/2024\/05\/tranche-300x205.jpg 300w, https:\/\/www.codexmd.fr\/wp-content\/uploads\/2024\/05\/tranche-1024x698.jpg 1024w, https:\/\/www.codexmd.fr\/wp-content\/uploads\/2024\/05\/tranche-768x524.jpg 768w, https:\/\/www.codexmd.fr\/wp-content\/uploads\/2024\/05\/tranche-1536x1048.jpg 1536w, https:\/\/www.codexmd.fr\/wp-content\/uploads\/2024\/05\/tranche-2048x1397.jpg 2048w\" sizes=\"auto, (max-width: 2560px) 100vw, 2560px\" \/><\/figure>\n\n\n\n<div class=\"wp-block-button is-style-outline is-style-outline--4\"><a class=\"wp-block-button__link wp-element-button\" href=\"https:\/\/www.codexmd.fr\/index.php\/bibliographe\/\">Lire la suite<\/a><\/div>\n<\/div>\n<\/div>\n<\/div>\n","protected":false},"excerpt":{"rendered":"<p>CodeX, une entreprise individuelle sp\u00e9cialis\u00e9e dans le livre ancien Pr\u00e9paration des donn\u00e9es pour les chercheurs en sciences humaines et sociales Encodage XML-TEI Formation Catalogage de fonds anciens pour les biblioth\u00e8ques et archives Bibliographe<\/p>\n","protected":false},"author":1,"featured_media":104,"parent":0,"menu_order":0,"comment_status":"closed","ping_status":"closed","template":"","meta":{"footnotes":""},"class_list":["post-23","page","type-page","status-publish","has-post-thumbnail","hentry"],"_links":{"self":[{"href":"https:\/\/www.codexmd.fr\/index.php\/wp-json\/wp\/v2\/pages\/23","targetHints":{"allow":["GET"]}}],"collection":[{"href":"https:\/\/www.codexmd.fr\/index.php\/wp-json\/wp\/v2\/pages"}],"about":[{"href":"https:\/\/www.codexmd.fr\/index.php\/wp-json\/wp\/v2\/types\/page"}],"author":[{"embeddable":true,"href":"https:\/\/www.codexmd.fr\/index.php\/wp-json\/wp\/v2\/users\/1"}],"replies":[{"embeddable":true,"href":"https:\/\/www.codexmd.fr\/index.php\/wp-json\/wp\/v2\/comments?post=23"}],"version-history":[{"count":21,"href":"https:\/\/www.codexmd.fr\/index.php\/wp-json\/wp\/v2\/pages\/23\/revisions"}],"predecessor-version":[{"id":286,"href":"https:\/\/www.codexmd.fr\/index.php\/wp-json\/wp\/v2\/pages\/23\/revisions\/286"}],"wp:featuredmedia":[{"embeddable":true,"href":"https:\/\/www.codexmd.fr\/index.php\/wp-json\/wp\/v2\/media\/104"}],"wp:attachment":[{"href":"https:\/\/www.codexmd.fr\/index.php\/wp-json\/wp\/v2\/media?parent=23"}],"curies":[{"name":"wp","href":"https:\/\/api.w.org\/{rel}","templated":true}]}}